{"id":9290,"date":"2026-02-10T10:50:51","date_gmt":"2026-02-10T08:50:51","guid":{"rendered":"https:\/\/teodorcostachioiu.com\/contact\/"},"modified":"2026-02-13T12:20:11","modified_gmt":"2026-02-13T10:20:11","slug":"contact","status":"publish","type":"page","link":"https:\/\/teodorcostachioiu.com\/ro\/contact\/","title":{"rendered":"Contact"},"content":{"rendered":"\n<p>Dac\u0103 ave\u021bi \u00eentreb\u0103ri, idei de colaborare sau dori\u021bi pur \u0219i simplu s\u0103 lua\u021bi leg\u0103tura cu mine, nu ezita\u021bi s\u0103 completa\u021bi formularul de mai jos. V\u0103 voi r\u0103spunde c\u00e2t mai cur\u00e2nd posibil. <\/p>\n<style id=\"wpforms-css-vars-9149\">\n\t\t\t\t#wpforms-9149 {\n\t\t\t\t--wpforms-container-padding: 0px;\n--wpforms-container-border-width: 1px;\n--wpforms-container-border-radius: 3px;\n--wpforms-background-color: rgba(0, 0, 0, 0);\n--wpforms-field-size-input-height: 43px;\n--wpforms-field-size-input-spacing: 15px;\n--wpforms-field-size-font-size: 16px;\n--wpforms-field-size-line-height: 19px;\n--wpforms-field-size-padding-h: 14px;\n--wpforms-field-size-checkbox-size: 16px;\n--wpforms-field-size-sublabel-spacing: 5px;\n--wpforms-field-size-icon-size: 1;\n--wpforms-label-size-font-size: 16px;\n--wpforms-label-size-line-height: 19px;\n--wpforms-label-size-sublabel-font-size: 14px;\n--wpforms-label-size-sublabel-line-height: 17px;\n--wpforms-button-size-font-size: 17px;\n--wpforms-button-size-height: 41px;\n--wpforms-button-size-padding-h: 15px;\n--wpforms-button-size-margin-top: 10px;\n--wpforms-container-shadow-size-box-shadow: none;\n\t\t\t}\n\t\t\t<\/style><div class=\"wpforms-container wpforms-container-full wpforms-render-modern\" id=\"wpforms-9149\"><form id=\"wpforms-form-9149\" class=\"wpforms-validate wpforms-form wpforms-ajax-form\" data-formid=\"9149\" method=\"post\" enctype=\"multipart\/form-data\" action=\"\/ro\/wp-json\/wp\/v2\/pages\/9290\" data-token=\"805cd30f9b5dad0341bc78199e48bd28\" data-token-time=\"1776413866\"><noscript class=\"wpforms-error-noscript\">Please enable JavaScript in your browser to complete this form.<\/noscript><div id=\"wpforms-error-noscript\" style=\"display: none;\">Please enable JavaScript in your browser to complete this form.<\/div><div class=\"wpforms-field-container\"><div id=\"wpforms-9149-field_1-container\" class=\"wpforms-field wpforms-field-name\" data-field-id=\"1\"><label class=\"wpforms-field-label\" for=\"wpforms-9149-field_1\">Nume <span class=\"wpforms-required-label\" aria-hidden=\"true\">*<\/span><\/label><input type=\"text\" id=\"wpforms-9149-field_1\" class=\"wpforms-field-large wpforms-field-required\" name=\"wpforms[fields][1]\" aria-errormessage=\"wpforms-9149-field_1-error\" required><\/div>\t\t<div id=\"wpforms-9149-field_4-container\"\n\t\t\tclass=\"wpforms-field wpforms-field-text\"\n\t\t\tdata-field-type=\"text\"\n\t\t\tdata-field-id=\"4\"\n\t\t\t>\n\t\t\t<label class=\"wpforms-field-label\" for=\"wpforms-9149-field_4\" >sau GDPR Comentariu<\/label>\n\t\t\t<input type=\"text\" id=\"wpforms-9149-field_4\" class=\"wpforms-field-medium\" name=\"wpforms[fields][4]\" >\n\t\t<\/div>\n\t\t<div id=\"wpforms-9149-field_2-container\" class=\"wpforms-field wpforms-field-email\" data-field-id=\"2\"><label class=\"wpforms-field-label\" for=\"wpforms-9149-field_2\">Email <span class=\"wpforms-required-label\" aria-hidden=\"true\">*<\/span><\/label><input type=\"email\" id=\"wpforms-9149-field_2\" class=\"wpforms-field-large wpforms-field-required\" name=\"wpforms[fields][2]\" spellcheck=\"false\" aria-errormessage=\"wpforms-9149-field_2-error\" required><\/div><div id=\"wpforms-9149-field_3-container\" class=\"wpforms-field wpforms-field-textarea\" data-field-id=\"3\"><label class=\"wpforms-field-label\" for=\"wpforms-9149-field_3\">Comentariu sau mesaj<\/label><textarea id=\"wpforms-9149-field_3\" class=\"wpforms-field-large wpforms-limit-characters-enabled\" data-form-id=\"9149\" data-field-id=\"3\" data-text-limit=\"4000\" name=\"wpforms[fields][3]\" aria-errormessage=\"wpforms-9149-field_3-error\" maxlength=\"4000\" ><\/textarea><\/div><div id=\"wpforms-9149-field_9-container\" class=\"wpforms-field wpforms-field-gdpr-checkbox\" data-field-id=\"9\"><label class=\"wpforms-field-label wpforms-label-hide\" aria-hidden=\"false\">Acord GDPR <span class=\"wpforms-required-label\" aria-hidden=\"true\">*<\/span><\/label><ul id=\"wpforms-9149-field_9\" class=\"wpforms-field-required\"><li class=\"choice-1\"><input type=\"checkbox\" id=\"wpforms-9149-field_9_1\" name=\"wpforms[fields][9][]\" value=\"Ap\u0103s\u00e2nd pe Trimite, sunte\u021bi de acord cu prelucrarea datelor dumneavoastr\u0103 cu caracter personal, conform descrierii din Politica de confiden\u021bialitate.\" aria-errormessage=\"wpforms-9149-field_9_1-error\" required ><label class=\"wpforms-field-label-inline\" for=\"wpforms-9149-field_9_1\">Ap\u0103s\u00e2nd pe Trimite, sunte\u021bi de acord cu prelucrarea datelor dumneavoastr\u0103 cu caracter personal, conform descrierii din Politica de confiden\u021bialitate. <span class=\"wpforms-required-label\" aria-hidden=\"true\">*<\/span><\/label><\/li><\/ul><\/div><script>\n\t\t\t\t( function() {\n\t\t\t\t\tconst style = document.createElement( 'style' );\n\t\t\t\t\tstyle.appendChild( document.createTextNode( '#wpforms-9149-field_4-container { position: absolute !important; overflow: hidden !important; display: inline !important; height: 1px !important; width: 1px !important; z-index: -1000 !important; padding: 0 !important; } #wpforms-9149-field_4-container input { visibility: hidden; } #wpforms-conversational-form-page #wpforms-9149-field_4-container label { counter-increment: none; }' ) );\n\t\t\t\t\tdocument.head.appendChild( style );\n\t\t\t\t\tdocument.currentScript?.remove();\n\t\t\t\t} )();\n\t\t\t<\/script><\/div><!-- .wpforms-field-container --><div class=\"wpforms-submit-container\" ><input type=\"hidden\" name=\"wpforms[id]\" value=\"9149\"><input type=\"hidden\" name=\"page_title\" value=\"\"><input type=\"hidden\" name=\"page_url\" value=\"https:\/\/teodorcostachioiu.com\/ro\/wp-json\/wp\/v2\/pages\/9290\"><input type=\"hidden\" name=\"url_referer\" value=\"\"><button type=\"submit\" name=\"wpforms[submit]\" id=\"wpforms-submit-9149\" class=\"wpforms-submit\" data-alt-text=\"Se trimite...\" data-submit-text=\"Trimite\" aria-live=\"assertive\" value=\"wpforms-submit\">Trimite<\/button><img decoding=\"async\" src=\"https:\/\/teodorcostachioiu.com\/wp-content\/plugins\/wpforms-lite\/assets\/images\/submit-spin.svg\" class=\"wpforms-submit-spinner\" style=\"display: none;\" width=\"26\" height=\"26\" alt=\"Loading\"><\/div><input type=\"hidden\" id=\"ct_checkjs_wpforms_8f85517967795eeef66c225f7883bdcb\" name=\"ct_checkjs_wpforms\" value=\"0\" \/><script>setTimeout(function(){var ct_input_name = \"ct_checkjs_wpforms_8f85517967795eeef66c225f7883bdcb\";if (document.getElementById(ct_input_name) !== null) {var ct_input_value = document.getElementById(ct_input_name).value;document.getElementById(ct_input_name).value = document.getElementById(ct_input_name).value.replace(ct_input_value, '8e3778e3b726bb9d06cec5b9a6f7a7b764c6a2de874af5fa141909a932a11d5f');}}, 1000);<\/script><input\n                    class=\"apbct_special_field apbct_email_id__wp_wpforms\"\n                    name=\"apbct__email_id__wp_wpforms\"\n                    aria-label=\"apbct__label_id__wp_wpforms\"\n                    type=\"text\" size=\"30\" maxlength=\"200\" autocomplete=\"off\"\n                    value=\"\"\n                \/><\/form><\/div>  <!-- .wpforms-container -->\n","protected":false},"excerpt":{"rendered":"<p>Dac\u0103 ave\u021bi \u00eentreb\u0103ri, idei de colaborare sau dori\u021bi pur \u0219i simplu s\u0103 lua\u021bi leg\u0103tura cu mine, nu ezita\u021bi s\u0103 completa\u021bi formularul de mai jos. V\u0103 voi r\u0103spunde c\u00e2t mai cur\u00e2nd&hellip;<\/p>\n","protected":false},"author":2,"featured_media":0,"parent":0,"menu_order":0,"comment_status":"closed","ping_status":"closed","template":"","meta":{"_lmt_disableupdate":"","_lmt_disable":"","footnotes":""},"class_list":["post-9290","page","type-page","status-publish","hentry"],"aioseo_notices":[],"_links":{"self":[{"href":"https:\/\/teodorcostachioiu.com\/ro\/wp-json\/wp\/v2\/pages\/9290","targetHints":{"allow":["GET"]}}],"collection":[{"href":"https:\/\/teodorcostachioiu.com\/ro\/wp-json\/wp\/v2\/pages"}],"about":[{"href":"https:\/\/teodorcostachioiu.com\/ro\/wp-json\/wp\/v2\/types\/page"}],"author":[{"embeddable":true,"href":"https:\/\/teodorcostachioiu.com\/ro\/wp-json\/wp\/v2\/users\/2"}],"replies":[{"embeddable":true,"href":"https:\/\/teodorcostachioiu.com\/ro\/wp-json\/wp\/v2\/comments?post=9290"}],"version-history":[{"count":1,"href":"https:\/\/teodorcostachioiu.com\/ro\/wp-json\/wp\/v2\/pages\/9290\/revisions"}],"predecessor-version":[{"id":9291,"href":"https:\/\/teodorcostachioiu.com\/ro\/wp-json\/wp\/v2\/pages\/9290\/revisions\/9291"}],"wp:attachment":[{"href":"https:\/\/teodorcostachioiu.com\/ro\/wp-json\/wp\/v2\/media?parent=9290"}],"curies":[{"name":"wp","href":"https:\/\/api.w.org\/{rel}","templated":true}]}}