{"id":9292,"date":"2026-02-12T12:25:36","date_gmt":"2026-02-12T10:25:36","guid":{"rendered":"https:\/\/teodorcostachioiu.com\/cariera\/"},"modified":"2026-02-13T12:22:54","modified_gmt":"2026-02-13T10:22:54","slug":"cariera","status":"publish","type":"page","link":"https:\/\/teodorcostachioiu.com\/ro\/cariera\/","title":{"rendered":"Carier\u0103"},"content":{"rendered":"\t\t<div data-elementor-type=\"wp-page\" data-elementor-id=\"9292\" class=\"elementor elementor-9292 elementor-9271\">\n\t\t\t\t<div class=\"elementor-element elementor-element-77c09d4 e-flex e-con-boxed e-con e-parent\" data-id=\"77c09d4\" data-element_type=\"container\" data-e-type=\"container\">\n\t\t\t\t\t<div class=\"e-con-inner\">\n\t\t\t\t<div class=\"elementor-element elementor-element-bcb25fd elementor-widget elementor-widget-timeline-widget-addon\" data-id=\"bcb25fd\" data-element_type=\"widget\" data-e-type=\"widget\" data-widget_type=\"timeline-widget-addon.default\">\n\t\t\t\t<div class=\"elementor-widget-container\">\n\t\t\t\t\t<!-- ========= Timeline Widget Addon For Elementor 1.6.24 ========= -->\n<div id=\"twae-wrapper-bcb25fd\" class=\"twae-vertical twae-wrapper  twae-both-sided\">   \n    <div class=\"twae-start\"><\/div>    \n    <div id=\"twea-timeline-bcb25fd\" class=\"twae-timeline\" ><!-- Start of Story Repeater Content --><div id=\"story-9dffbdb\" class=\"twae-story twae-repeater-item twae-story-right twae-story-no-icon\"><!-- Story Label --><div class=\"twae-labels\"><div class=\"twae-label-big\">2024 \u2013 prezent<\/div><div class=\"twae-label-small\">NUST Politehnica Bucure\u0219ti \/ Geosense<\/div><\/div><!-- Story Icon --><div class=\"twae-icon\"><i aria-hidden=\"true\" class=\"far fa-clock\"><\/i><\/div><!-- Story Arrow --><div class=\"twae-arrow\"><\/div><!-- Start of Story Content --><div class=\"twae-content\"><!-- Story Title --><div class=\"twae-title\">Cercetare &amp; Dezvoltare<\/div><!-- Story Description --><div class=\"twae-description\"><p>Cercet\u0103tor \u2014 proiectul AI4RISK: construirea unei platforme de fuziune de date multi-surs\u0103 pentru analiza predictiv\u0103 a riscurilor folosind inteligen\u021ba artificial\u0103 explicabil\u0103. Procesare \u00een timp real a imaginilor aeriene, cartografiere interactiv\u0103 \u0219i coordonare a misiunilor. <\/p>\n<\/div><\/div><\/div><!-- Start of Story Repeater Content --><div id=\"story-b11e1b9\" class=\"twae-story twae-repeater-item twae-story-left twae-story-no-icon\"><!-- Story Label --><div class=\"twae-labels\"><div class=\"twae-label-big\">2016 \u2013 2021<\/div><\/div><!-- Story Icon --><div class=\"twae-icon\"><i aria-hidden=\"true\" class=\"far fa-clock\"><\/i><\/div><!-- Story Arrow --><div class=\"twae-arrow\"><\/div><!-- Start of Story Content --><div class=\"twae-content\"><!-- Story Title --><div class=\"twae-title\">Dezvoltare Software &amp; Web Independent\u0103<\/div><!-- Story Description --><div class=\"twae-description\"><p>Dezvoltare software personalizat\u0103, IoT, administrare web \u0219i prelucrare de date pentru clien\u021bi.<\/p>\n<\/div><\/div><\/div><!-- Start of Story Repeater Content --><div id=\"story-0844574\" class=\"twae-story twae-repeater-item twae-story-right twae-story-no-icon\"><!-- Story Label --><div class=\"twae-labels\"><div class=\"twae-label-big\">2011 \u2013 2015<\/div><div class=\"twae-label-small\">NUST Politehnica Bucure\u0219ti \/ ETTI, CeoSpaceTech<\/div><\/div><!-- Story Icon --><div class=\"twae-icon\"><i aria-hidden=\"true\" class=\"far fa-clock\"><\/i><\/div><!-- Story Arrow --><div class=\"twae-arrow\"><\/div><!-- Start of Story Content --><div class=\"twae-content\"><!-- Story Title --><div class=\"twae-title\">Cercetare &amp; Predare Academic\u0103<\/div><!-- Story Description --><div class=\"twae-description\"><p class=\"font-claude-response-body break-words whitespace-normal leading-[1.7]\">Cercet\u0103tor \u2014 proiectul LEO-SITS (clasificarea seriilor temporale de imagini satelitare folosind Alocarea Dirichlet Latent\u0103). Publicat \u00een IEEE Transactions on Geoscience and Remote Sensing, IGARSS, EUSIPCO \u0219i alte publica\u021bii. <\/p>\n<p class=\"font-claude-response-body break-words whitespace-normal leading-[1.7]\">Inginer de laborator \u00een Prelucrarea Digital\u0103 a Semnalelor, Arhitectura Microprocesoarelor, Microcontrolere \u0219i Sisteme Integrate la Facultatea de Electronic\u0103, Telecomunica\u021bii \u0219i Tehnologia Informa\u021biei, NUST Politehnica Bucure\u0219ti.<\/p>\n<p class=\"font-claude-response-body break-words whitespace-normal leading-[1.7]\">Mentenan\u021ba infrastructurii de laborator, administrarea re\u021belei \u0219i gestionarea serverelor Unix (elia.pub.ro \u0219i ceospacetech.pub.ro).<\/p>\n<\/div><\/div><\/div><!-- Start of Story Repeater Content --><div id=\"story-adfe819\" class=\"twae-story twae-repeater-item twae-story-left twae-story-no-icon\"><!-- Story Label --><div class=\"twae-labels\"><div class=\"twae-label-big\">2008 \u2013 2011<\/div><div class=\"twae-label-small\">NUST Politehnica Bucure\u0219ti \/ ETTI<\/div><\/div><!-- Story Icon --><div class=\"twae-icon\"><i aria-hidden=\"true\" class=\"far fa-clock\"><\/i><\/div><!-- Story Arrow --><div class=\"twae-arrow\"><\/div><!-- Start of Story Content --><div class=\"twae-content\"><!-- Story Title --><div class=\"twae-title\">Studii Doctorale<\/div><!-- Story Description --><div class=\"twae-description\"><p>Doctorat \u00een Inginerie Electronic\u0103 \u0219i Telecomunica\u021bii.<br \/>Tez\u0103: extragerea informa\u021biilor spatio-temporale din secven\u021be de semnale multidimensionale pentru detectarea schimb\u0103rilor, sub \u00eendrumarea Prof. Mihai Datcu \u0219i Prof. Vasile L\u0103z\u0103rescu. Cercetare realizat\u0103 \u00een cadrul proiectului UEFISCDI PCE IDEI 1247 \u2014 extragerea informa\u021biilor spatio-temporale din secven\u021be de semnale multidimensionale pentru detectarea schimb\u0103rilor. A construit baze de date de imagini satelitare, a dezvoltat algoritmi de clasificare, testa\u021bi pe serii temporale Landsat.  <\/p>\n<\/div><\/div><\/div><!-- Start of Story Repeater Content --><div id=\"story-65ae67f\" class=\"twae-story twae-repeater-item twae-story-right twae-story-no-icon\"><!-- Story Label --><div class=\"twae-labels\"><div class=\"twae-label-big\">1997 \u2013 2008<\/div><div class=\"twae-label-small\">\u00cenceputul carierei - diverse roluri<\/div><\/div><!-- Story Icon --><div class=\"twae-icon\"><i aria-hidden=\"true\" class=\"far fa-clock\"><\/i><\/div><!-- Story Arrow --><div class=\"twae-arrow\"><\/div><!-- Start of Story Content --><div class=\"twae-content\"><!-- Story Title --><div class=\"twae-title\">Inginerie &amp; Infrastructur\u0103 IT<\/div><!-- Story Description --><div class=\"twae-description\"><p>Suport echipamente industriale, suport tehnic pentru sisteme de imprimare enterprise, management sisteme CAD \u0219i baze de date Oracle pentru produc\u021bia de confec\u021bii.<\/p>\n<\/div><\/div><\/div><!-- Start of Story Repeater Content --><div id=\"story-f35ab0f\" class=\"twae-story twae-repeater-item twae-story-left twae-story-no-icon\"><!-- Story Label --><div class=\"twae-labels\"><div class=\"twae-label-big\">1992 \u2013 1997<\/div><\/div><!-- Story Icon --><div class=\"twae-icon\"><i aria-hidden=\"true\" class=\"far fa-clock\"><\/i><\/div><!-- Story Arrow --><div class=\"twae-arrow\"><\/div><!-- Start of Story Content --><div class=\"twae-content\"><!-- Story Title --><div class=\"twae-title\">Educa\u021bie<\/div><!-- Story Description --><div class=\"twae-description\"><p>Diplom\u0103 de inginer de cinci ani \u00een Electronic\u0103 Aplicat\u0103, Facultatea de Electronic\u0103 \u0219i Telecomunica\u021bii (sistem pre-Bologna, echivalent cu Licen\u021b\u0103 + Master).<\/p>\n<\/div><\/div><\/div><\/div>\n    <div class=\"twae-end\"><\/div>\n    <\/div><style type=\"text\/css\">@media (max-width: 1024px){ .twae-wrapper{--tw-ybx-size: 80px !important;}}@media (max-width: 767px){ .twae-wrapper{--tw-ybx-size: 80px !important}}<\/style>\t\t\t\t<\/div>\n\t\t\t\t<\/div>\n\t\t\t\t\t<\/div>\n\t\t\t\t<\/div>\n\t\t\t\t<\/div>\n\t\t","protected":false},"excerpt":{"rendered":"<p>2024 \u2013 prezentNUST Politehnica Bucure\u0219ti \/ GeosenseCercetare &amp; Dezvoltare Cercet\u0103tor \u2014 proiectul AI4RISK: construirea unei platforme de fuziune de date multi-surs\u0103 pentru analiza predictiv\u0103 a riscurilor folosind inteligen\u021ba artificial\u0103 explicabil\u0103.&hellip;<\/p>\n","protected":false},"author":2,"featured_media":0,"parent":0,"menu_order":0,"comment_status":"closed","ping_status":"closed","template":"","meta":{"_lmt_disableupdate":"","_lmt_disable":"","footnotes":""},"class_list":["post-9292","page","type-page","status-publish","hentry"],"aioseo_notices":[],"_links":{"self":[{"href":"https:\/\/teodorcostachioiu.com\/ro\/wp-json\/wp\/v2\/pages\/9292","targetHints":{"allow":["GET"]}}],"collection":[{"href":"https:\/\/teodorcostachioiu.com\/ro\/wp-json\/wp\/v2\/pages"}],"about":[{"href":"https:\/\/teodorcostachioiu.com\/ro\/wp-json\/wp\/v2\/types\/page"}],"author":[{"embeddable":true,"href":"https:\/\/teodorcostachioiu.com\/ro\/wp-json\/wp\/v2\/users\/2"}],"replies":[{"embeddable":true,"href":"https:\/\/teodorcostachioiu.com\/ro\/wp-json\/wp\/v2\/comments?post=9292"}],"version-history":[{"count":1,"href":"https:\/\/teodorcostachioiu.com\/ro\/wp-json\/wp\/v2\/pages\/9292\/revisions"}],"predecessor-version":[{"id":9293,"href":"https:\/\/teodorcostachioiu.com\/ro\/wp-json\/wp\/v2\/pages\/9292\/revisions\/9293"}],"wp:attachment":[{"href":"https:\/\/teodorcostachioiu.com\/ro\/wp-json\/wp\/v2\/media?parent=9292"}],"curies":[{"name":"wp","href":"https:\/\/api.w.org\/{rel}","templated":true}]}}